{"id":23348,"date":"2021-04-20T14:20:24","date_gmt":"2021-04-20T11:20:24","guid":{"rendered":"https:\/\/puhastusekspert.ee\/muugitingimused\/"},"modified":"2026-01-27T09:27:58","modified_gmt":"2026-01-27T07:27:58","slug":"terms-of-sale","status":"publish","type":"page","link":"https:\/\/puhastusekspert.ee\/en\/terms-of-sale\/","title":{"rendered":"Terms of Sale"},"content":{"rendered":"\n<div class=\"wp-block-greenshift-blocks-container gspb_container gspb_container-gsbp-122bd49\" id=\"gspb_container-id-gsbp-122bd49\">\n<div class=\"wp-block-greenshift-blocks-container gspb_container gspb_container-gsbp-d55afbc\" id=\"gspb_container-id-gsbp-d55afbc\">\n<h2 id=\"gspb_heading-id-gsbp-ce975ea\" class=\"gspb_heading gspb_heading-id-gsbp-ce975ea \">Data protection<\/h2>\n\n\n\n<h2 id=\"gspb_heading-id-gsbp-66507c7\" class=\"gspb_heading gspb_heading-id-gsbp-66507c7 \">Terms of Sale<\/h2>\n<\/div>\n\n\n\n<div class=\"wp-block-greenshift-blocks-container gspb_container gspb_container-gsbp-94f5407\" id=\"gspb_container-id-gsbp-94f5407\">\n<div id=\"gspb_text-id-gsbp-d959ee0\" class=\"gspb_text gspb_text-id-gsbp-d959ee0 \">Effective as of 22.06.2023.<br>The owner of the online store <strong><a href=\"https:\/\/puhastusekspert.ee\/en\/shop\/\">https:\/\/puhastusekspert.ee\/pood\/<\/a><\/strong> (hereinafter the <em>Online Store<\/em>) is <strong>Osa\u00fching Puhastusekspert<\/strong>, registry code 10487204, address Renneoru 4, 46202 V\u00e4ike-Maarja, L\u00e4\u00e4ne-Viru County (hereinafter <em>Puhastusekspert<\/em>).<\/div>\n\n\n\n<h2 id=\"gspb_heading-id-gsbp-31bb4a7\" class=\"gspb_heading gspb_heading-id-gsbp-31bb4a7 \">Validity of the sales agreement, product, and pricing information<\/h2>\n\n\n\n<div id=\"gspb_text-id-gsbp-09aac86\" class=\"gspb_text gspb_text-id-gsbp-09aac86 \"><strong>1.1.<\/strong> These terms of sale apply to the purchase of goods and services (hereinafter <em>Goods<\/em>) from the Online Store. The sales agreement is considered concluded between the Buyer and <strong>Puhastusekspert<\/strong>.<br><strong>1.2.<\/strong> The prices and information for Goods sold in the Online Store are displayed on the respective product page. Images are for illustrative purposes only.<br><strong>1.3.<\/strong> All prices of Goods in the Online Store are in euros and include 24% VAT (except for books, which have 9% VAT). Published prices are valid at the time of purchase.<br><strong>1.4.<\/strong> A delivery fee is added to the price of the Goods, depending on the chosen delivery method. The delivery fee is shown to the Buyer during the order process.<br><strong>1.5.<\/strong> If a discount applies to the purchase of Goods (e.g., using a discount code), the discount is calculated after entering the relevant discount information in the shopping cart.<\/div>\n\n\n\n<h2 id=\"gspb_heading-id-gsbp-ae4b94c\" class=\"gspb_heading gspb_heading-id-gsbp-ae4b94c \">Order placement and payment<\/h2>\n\n\n\n<div id=\"gspb_text-id-gsbp-2cc0401\" class=\"gspb_text gspb_text-id-gsbp-2cc0401 \"><strong>2.1.<\/strong> To order Goods, add the desired items to the shopping cart. Quantities can be adjusted, and items can be removed from the cart until payment is completed.<br><strong>2.2.<\/strong> To place an order, fill in the required information fields and select a suitable delivery method. The total amount payable will then be displayed, which can be paid via bank link or another payment solution. <strong>Note:<\/strong> When paying via bank link, the Buyer must click the \u201cReturn to Merchant\u201d button on the bank\u2019s page.<br><strong>2.3.<\/strong> The order is considered final, and the sales agreement is concluded once the payment has been received in <strong>Puhastusekspert<\/strong>\u2019s account. The Buyer pays the full price of the Goods and delivery fee in advance.<br><strong>2.4.<\/strong> The Online Store will send an order confirmation to the Buyer\u2019s email address. Upon fulfillment of the order, the Buyer will additionally receive an invoice and a shipment tracking code by email.<br><strong>2.5.<\/strong> If the ordered Goods cannot be delivered (e.g., due to stock depletion), <strong>Puhastusekspert<\/strong> has the right to cancel the order. The Buyer will be notified as soon as possible, and the paid amount (including delivery costs) will be refunded within 14 days of notification. In the case of partial cancellation, <strong>Puhastusekspert<\/strong> may ask the Buyer to clarify their preference for the remaining items \u2014 whether to deliver them or cancel them as well.<\/div>\n\n\n\n<h2 id=\"gspb_heading-id-gsbp-af6056e\" class=\"gspb_heading gspb_heading-id-gsbp-af6056e \">Delivery<\/h2>\n\n\n\n<div id=\"gspb_text-id-gsbp-35d10f0\" class=\"gspb_text gspb_text-id-gsbp-35d10f0 \"><strong>3.1.<\/strong> Goods from the Online Store can be ordered within the territory of the Republic of Estonia.<br><strong>3.2.<\/strong> The Buyer selects a suitable delivery method in the shopping cart. Goods can be delivered via different service providers, and the Buyer can choose the provider in the shopping cart view.<br><strong>3.3.<\/strong> Delivery costs are borne by the Buyer, and the corresponding price information is displayed alongside the chosen delivery method in the shopping cart.<br><strong>3.4.<\/strong> Goods generally arrive at the destination specified by the Buyer within 5 working days from the date the sales agreement comes into effect.<br><strong>3.5.<\/strong> <strong>Puhastusekspert<\/strong> is not responsible for the reliability of the delivery service provided by the chosen company.<br><strong>3.6.<\/strong> Access to the e-learning course is granted to the Buyer immediately after the sales agreement enters into force in the LearnDash learning environment. Access to the e-learning course is not time-limited.<\/div>\n\n\n\n<h2 id=\"gspb_heading-id-gsbp-787c1ff\" class=\"gspb_heading gspb_heading-id-gsbp-787c1ff \">Right of withdrawal<\/h2>\n\n\n\n<div id=\"gspb_text-id-gsbp-75e96a1\" class=\"gspb_text gspb_text-id-gsbp-75e96a1 \"><strong>4.1.<\/strong> After receiving the Goods, the Buyer has the right to withdraw from the contract concluded in the Online Store within 14 days.<br><strong>4.2.<\/strong> To exercise the 14-day withdrawal right, the Buyer must not use the Goods in any way other than necessary to verify their nature, characteristics, and functioning, as would be allowed when testing the Goods in a physical store.<br><strong>4.3.<\/strong> If the Goods have been used for purposes other than verifying their nature, characteristics, and functioning, or show signs of use or wear, <strong>Puhastusekspert<\/strong> has the right to proportionally reduce the refundable amount according to the decrease in the Goods\u2019 value.<br><strong>4.4.<\/strong> Costs related to returning the Goods are borne by the Buyer, except when the reason for return is that the Goods do not conform to the order (e.g., incorrect or defective product).<br><strong>4.5.<\/strong> To return the Goods, the Buyer must submit a withdrawal request to <strong>Puhastusekspert<\/strong> no later than 14 days from the receipt of the Goods or provide proof that the Goods were handed over to the carrier within this period. The withdrawal request can be sent via email to <strong><a>info@puhastusekspert.ee<\/a><\/strong>.<br><strong>4.6.<\/strong> The 14-day withdrawal right does not apply if:<br><strong>4.6.1.<\/strong> The Buyer is a legal entity;<br><strong>4.6.2.<\/strong> The purchased Goods contain digital content, unless the Goods have not yet been made available to the Buyer or <strong>Puhastusekspert<\/strong> determines that the Buyer has not started using the digital content within the 14-day withdrawal period. Examples include e-learning courses and digital study materials;<br><strong>4.6.3.<\/strong> The Goods are produced on a custom order.<br><strong>4.7.<\/strong> <strong>Puhastusekspert<\/strong> will refund all amounts received from the Buyer under the contract without undue delay, but no later than 14 days from receipt of the withdrawal request. Refunds do not include fees paid to third parties, especially fees related to installment payments.<br><strong>4.8.<\/strong> <strong>Puhastusekspert<\/strong> may withhold the refund until the Goods have been received or until the Buyer has provided proof of shipment, whichever occurs first.<br><strong>4.9.<\/strong> If the Buyer has chosen a delivery method other than the cheapest standard delivery offered by the Online Store, <strong>Puhastusekspert<\/strong> is not obliged to refund costs exceeding the standard delivery fee.<br><strong>4.10.<\/strong> <strong>Puhastusekspert<\/strong> reserves the right to cancel the sales transaction and demand the return of the Goods if the price listed in the Online Store is significantly below the market price due to an error.<\/div>\n\n\n\n<h2 id=\"gspb_heading-id-gsbp-a80b783\" class=\"gspb_heading gspb_heading-id-gsbp-a80b783 \">Right to submit a claim<\/h2>\n\n\n\n<div id=\"gspb_text-id-gsbp-3ab2c06\" class=\"gspb_text gspb_text-id-gsbp-3ab2c06 \"><strong>5.1.<\/strong> Upon receiving the Goods, the Buyer is obliged to immediately check the conformity and quality of the Goods. Any non-conformities must be reported to <strong>Puhastusekspert<\/strong> within 15 days at <strong><a>info@puhastusekspert.ee<\/a><\/strong>.<br><strong>5.2.<\/strong> The Online Store is responsible for any non-conformity or defect in the Goods sold to the Buyer that existed at the time of delivery and becomes apparent within two years from delivery. For the first six months after delivery, it is presumed that the defect existed at the time of delivery. <strong>Puhastusekspert<\/strong> is responsible for disproving this presumption.<br><strong>5.3.<\/strong> A consumer Buyer has the right to contact <strong>Puhastusekspert<\/strong> regarding a defect no later than two months after discovering it, at <strong><a>info@puhastusekspert.ee<\/a><\/strong>.<br><strong>5.4.<\/strong> <strong>Puhastusekspert<\/strong> is not responsible for defects that occur after the Goods have been delivered to the Buyer.<br><strong>5.5.<\/strong> If Goods purchased from the Online Store have defects for which <strong>Puhastusekspert<\/strong> is responsible, <strong>Puhastusekspert<\/strong> will repair or replace the defective Goods. If repair or replacement is not possible, <strong>Puhastusekspert<\/strong> will refund the Buyer all payments made under the sales agreement.<br><strong>5.6.<\/strong> <strong>Puhastusekspert<\/strong> will respond to the Buyer\u2019s claim in writing or in a form that can be reproduced in writing within 15 days.<\/div>\n\n\n\n<h2 id=\"gspb_heading-id-gsbp-b9dcb79\" class=\"gspb_heading gspb_heading-id-gsbp-b9dcb79 \">Processing of personal data<\/h2>\n\n\n\n<div id=\"gspb_text-id-gsbp-52eaddb\" class=\"gspb_text gspb_text-id-gsbp-52eaddb \">6.1. The processing of personal data is governed by the <a href=\"https:\/\/puhastusekspert.ee\/en\/privacy-policy\/\">Privacy Policy.<\/a><\/div>\n\n\n\n<h2 id=\"gspb_heading-id-gsbp-1723e4f\" class=\"gspb_heading gspb_heading-id-gsbp-1723e4f \">Dispute resolution<\/h2>\n\n\n\n<div id=\"gspb_text-id-gsbp-ebf3584\" class=\"gspb_text gspb_text-id-gsbp-ebf3584 \"><strong>7.1.<\/strong> In case of non-conformity of the Goods with the contract, the Buyer is entitled to rely on the legal remedies provided by law:<br><strong>7.1.1.<\/strong> Request that <strong>Puhastusekspert<\/strong> delivers Goods conforming to the contract;<br><strong>7.1.2.<\/strong> Request compensation from <strong>Puhastusekspert<\/strong> for any damages incurred;<br><strong>7.1.3.<\/strong> Withdraw from or terminate the contract;<br><strong>7.1.4.<\/strong> Reduce the price;<br><strong>7.1.5.<\/strong> In case of delay in fulfilling a monetary obligation, demand interest.<br><strong>7.2.<\/strong> If the Buyer has claims regarding the Online Store, please contact <strong>Puhastusekspert<\/strong> at <strong><a>info@puhastusekspert.ee<\/a><\/strong>.<br><strong>7.3.<\/strong> If the Buyer and <strong>Puhastusekspert<\/strong> cannot resolve a dispute through agreement, the dispute shall be settled at first instance in the <strong>Harju County Court<\/strong> under the laws of the Republic of Estonia. Jurisdiction is agreed, including cases where the Buyer moves abroad after the agreement is concluded, transfers their place of business or residence abroad, or if their place of activity, residence, or location is unknown at the time of filing a claim.<br><strong>7.4.<\/strong> In addition, a consumer Buyer may contact the <strong>Consumer Disputes Committee<\/strong>, which has the competence to resolve disputes arising from the contract between the Buyer and <strong>Puhastusekspert<\/strong>. Review of the complaint by the committee is free of charge.<br><strong>7.5.<\/strong> A consumer Buyer may also use the <strong>European Union platform for online dispute resolution<\/strong>.<\/div>\n\n\n\n<h2 id=\"gspb_heading-id-gsbp-4a7e201\" class=\"gspb_heading gspb_heading-id-gsbp-4a7e201 \">Validity and modification of terms<\/h2>\n\n\n\n<div id=\"gspb_text-id-gsbp-2e3ad2a\" class=\"gspb_text gspb_text-id-gsbp-2e3ad2a \"><strong>8.1.<\/strong> <strong>Puhastusekspert<\/strong> reserves the right to modify these terms of use. Updated terms will be made available on the <strong>Puhastusekspert Online Store<\/strong>. The terms applicable to a transaction are those in effect at the time the transaction is made. The Buyer may save, print, and reproduce the terms of use before completing a purchase.<\/div>\n<\/div>\n<\/div>\n","protected":false},"excerpt":{"rendered":"<p><di \n\n<p class=\"read-more-paragraph\"><a href=\"https:\/\/puhastusekspert.ee\/en\/terms-of-sale\/\" class=\"read-more\">Read more<\/a><\/p>\n","protected":false},"author":15,"featured_media":21931,"parent":0,"menu_order":0,"comment_status":"closed","ping_status":"closed","template":"","meta":{"_acf_changed":false,"_gspb_post_css":".gspb_container-id-gsbp-122bd49,.gspb_container-id-gsbp-94f5407,.gspb_container-id-gsbp-d55afbc{flex-direction:column;box-sizing:border-box}#gspb_container-id-gsbp-122bd49.gspb_container>p:last-of-type,#gspb_container-id-gsbp-94f5407.gspb_container>p:last-of-type,#gspb_container-id-gsbp-d55afbc.gspb_container>p:last-of-type{margin-bottom:0}#gspb_container-id-gsbp-122bd49.gspb_container{position:relative;display:grid;grid-template-columns:repeat(1,minmax(0,1fr));column-gap:44.8px}@media (max-width:575.98px){#gspb_container-id-gsbp-122bd49.gspb_container{grid-template-columns:repeat(1,minmax(0,1fr))}}#gspb_container-id-gsbp-122bd49.gspb_container{padding:40px 40px 20px}@media (max-width:575.98px){#gspb_container-id-gsbp-122bd49.gspb_container{padding:10px}}#gspb_container-id-gsbp-94f5407.gspb_container,#gspb_container-id-gsbp-d55afbc.gspb_container{position:relative}#gspb_heading-id-gsbp-ce975ea{font-family:ct_font_albert__sans,sans-serif;font-size:20px;line-height:10px;font-weight:500!important;color:var(--wp--preset--color--palette-color-1, var(--theme-palette-color-1, #143D92));margin:0;padding-bottom:10px}#gspb_heading-id-gsbp-66507c7{font-family:ct_font_albert__sans,sans-serif;font-size:30px;line-height:30px}@media (max-width:575.98px){#gspb_heading-id-gsbp-66507c7{font-size:25px;line-height:30px}}#gspb_heading-id-gsbp-66507c7{font-weight:500!important;margin:0;padding-bottom:20px}@media (max-width:575.98px){#gspb_heading-id-gsbp-66507c7{margin-top:0}}#gspb_container-id-gsbp-94f5407.gspb_container{margin-bottom:0}@media (max-width:575.98px){.gspb_text-id-gsbp-d959ee0{font-size:14px}}.gspb_text-id-gsbp-d959ee0{margin-bottom:18px!important}#gspb_heading-id-gsbp-31bb4a7{font-family:ct_font_albert__sans,sans-serif;font-size:20px;line-height:10px}@media (max-width:575.98px){#gspb_heading-id-gsbp-31bb4a7{line-height:20px}}#gspb_heading-id-gsbp-31bb4a7{font-weight:500!important;color:var(--wp--preset--color--palette-color-1, var(--theme-palette-color-1, #143D92));margin:20px 0 0;padding-bottom:10px}@media (max-width:575.98px){#gspb_heading-id-gsbp-31bb4a7{margin-top:0}.gspb_text-id-gsbp-09aac86{font-size:14px}}.gspb_text-id-gsbp-09aac86{margin-bottom:20px!important}#gspb_heading-id-gsbp-ae4b94c{font-family:ct_font_albert__sans,sans-serif;font-size:20px;line-height:10px}@media (max-width:575.98px){#gspb_heading-id-gsbp-ae4b94c{line-height:20px}}#gspb_heading-id-gsbp-ae4b94c{font-weight:500!important;color:var(--wp--preset--color--palette-color-1, var(--theme-palette-color-1, #143D92));margin:20px 0 0;padding-bottom:10px}@media (max-width:575.98px){#gspb_heading-id-gsbp-ae4b94c{padding-bottom:0}.gspb_text-id-gsbp-2cc0401{font-size:14px}}.gspb_text-id-gsbp-2cc0401{margin-bottom:20px!important}#gspb_heading-id-gsbp-787c1ff,#gspb_heading-id-gsbp-af6056e{font-family:ct_font_albert__sans,sans-serif;font-size:20px;line-height:10px;font-weight:500!important;color:var(--wp--preset--color--palette-color-1, var(--theme-palette-color-1, #143D92));margin:20px 0 0;padding-bottom:10px}@media (max-width:575.98px){.gspb_text-id-gsbp-35d10f0{font-size:14px}}.gspb_text-id-gsbp-35d10f0{margin-bottom:20px!important}@media (max-width:575.98px){#gspb_heading-id-gsbp-787c1ff{padding-bottom:20px}.gspb_text-id-gsbp-75e96a1{font-size:14px}}.gspb_text-id-gsbp-75e96a1{margin-bottom:20px!important}#gspb_heading-id-gsbp-a80b783{font-family:ct_font_albert__sans,sans-serif;font-size:20px;line-height:10px}@media (max-width:575.98px){#gspb_heading-id-gsbp-a80b783{line-height:20px}}#gspb_heading-id-gsbp-a80b783{font-weight:500!important;color:var(--wp--preset--color--palette-color-1, var(--theme-palette-color-1, #143D92));margin:20px 0 0;padding-bottom:10px}@media (max-width:575.98px){#gspb_heading-id-gsbp-a80b783{padding-bottom:20px}.gspb_text-id-gsbp-3ab2c06{font-size:14px}}.gspb_text-id-gsbp-3ab2c06{margin-bottom:20px!important}#gspb_heading-id-gsbp-b9dcb79{font-family:ct_font_albert__sans,sans-serif;font-size:20px;line-height:10px}@media (max-width:575.98px){#gspb_heading-id-gsbp-b9dcb79{line-height:20px}}#gspb_heading-id-gsbp-b9dcb79{font-weight:500!important;color:var(--wp--preset--color--palette-color-1, var(--theme-palette-color-1, #143D92));margin:20px 0 0;padding-bottom:10px}@media (max-width:575.98px){#gspb_heading-id-gsbp-b9dcb79{padding-bottom:20px}.gspb_text-id-gsbp-52eaddb{font-size:14px}}.gspb_text-id-gsbp-52eaddb{margin-bottom:20px!important}#gspb_heading-id-gsbp-1723e4f{font-family:ct_font_albert__sans,sans-serif;font-size:20px;line-height:10px}@media (max-width:575.98px){#gspb_heading-id-gsbp-1723e4f{line-height:20px}}#gspb_heading-id-gsbp-1723e4f{font-weight:500!important;color:var(--wp--preset--color--palette-color-1, var(--theme-palette-color-1, #143D92));margin:20px 0 0;padding-bottom:10px}@media (max-width:575.98px){#gspb_heading-id-gsbp-1723e4f{padding-bottom:20px}.gspb_text-id-gsbp-ebf3584{font-size:14px}}.gspb_text-id-gsbp-ebf3584{margin-bottom:20px!important}#gspb_heading-id-gsbp-4a7e201{font-family:ct_font_albert__sans,sans-serif;font-size:20px;line-height:10px}@media (max-width:575.98px){#gspb_heading-id-gsbp-4a7e201{line-height:20px}}#gspb_heading-id-gsbp-4a7e201{font-weight:500!important;color:var(--wp--preset--color--palette-color-1, var(--theme-palette-color-1, #143D92));margin:20px 0 0;padding-bottom:10px}@media (max-width:575.98px){#gspb_heading-id-gsbp-4a7e201{padding-bottom:20px}.gspb_text-id-gsbp-2e3ad2a{font-size:14px}}.gspb_text-id-gsbp-2e3ad2a{margin-bottom:20px!important}","footnotes":"","_links_to":"","_links_to_target":""},"class_list":["post-23348","page","type-page","status-publish","has-post-thumbnail","hentry"],"blocksy_meta":{"has_hero_section":"disabled","styles_descriptor":{"styles":{"desktop":"","tablet":"","mobile":""},"google_fonts":[],"version":6},"vertical_spacing_source":"custom","content_area_spacing":"bottom"},"acf":[],"_links":{"self":[{"href":"https:\/\/puhastusekspert.ee\/en\/wp-json\/wp\/v2\/pages\/23348","targetHints":{"allow":["GET"]}}],"collection":[{"href":"https:\/\/puhastusekspert.ee\/en\/wp-json\/wp\/v2\/pages"}],"about":[{"href":"https:\/\/puhastusekspert.ee\/en\/wp-json\/wp\/v2\/types\/page"}],"author":[{"embeddable":true,"href":"https:\/\/puhastusekspert.ee\/en\/wp-json\/wp\/v2\/users\/15"}],"replies":[{"embeddable":true,"href":"https:\/\/puhastusekspert.ee\/en\/wp-json\/wp\/v2\/comments?post=23348"}],"version-history":[{"count":5,"href":"https:\/\/puhastusekspert.ee\/en\/wp-json\/wp\/v2\/pages\/23348\/revisions"}],"predecessor-version":[{"id":25491,"href":"https:\/\/puhastusekspert.ee\/en\/wp-json\/wp\/v2\/pages\/23348\/revisions\/25491"}],"wp:featuredmedia":[{"embeddable":true,"href":"https:\/\/puhastusekspert.ee\/en\/wp-json\/wp\/v2\/media\/21931"}],"wp:attachment":[{"href":"https:\/\/puhastusekspert.ee\/en\/wp-json\/wp\/v2\/media?parent=23348"}],"curies":[{"name":"wp","href":"https:\/\/api.w.org\/{rel}","templated":true}]}}