{"id":24885,"date":"2025-10-20T09:09:33","date_gmt":"2025-10-20T06:09:33","guid":{"rendered":"https:\/\/puhastusekspert.ee\/ergo-oppevideod\/"},"modified":"2025-12-29T23:39:00","modified_gmt":"2025-12-29T21:39:00","slug":"video-po-ergonomike-uborki","status":"publish","type":"page","link":"https:\/\/puhastusekspert.ee\/ru\/video-po-ergonomike-uborki\/","title":{"rendered":"\u0412\u0438\u0434\u0435\u043e \u043f\u043e \u044d\u0440\u0433\u043e\u043d\u043e\u043c\u0438\u043a\u0435 \u0443\u0431\u043e\u0440\u043a\u0438"},"content":{"rendered":"\n<div id=\"gspb_text-id-gsbp-ed79267\" class=\"gspb_text gspb_text-id-gsbp-ed79267 \">\u041e\u0431\u0443\u0447\u0430\u044e\u0449\u0438\u0435 \u0432\u0438\u0434\u0435\u043e \u043f\u043e \u044d\u0440\u0433\u043e\u043d\u043e\u043c\u0438\u043a\u0435 \u0443\u0431\u043e\u0440\u043a\u0438 \u0431\u044b\u043b\u0438 \u0441\u043e\u0437\u0434\u0430\u043d\u044b \u0432 \u0440\u0430\u043c\u043a\u0430\u0445 \u043f\u0440\u043e\u0435\u043a\u0442\u0430 Erasmus+ \u201cCleaning Ergonomics \u2013 to Prevent Occupational Diseases and Accidents\u201d \u0432 2024 \u0433\u043e\u0434\u0443. \u041f\u0430\u0440\u0442\u043d\u0451\u0440\u0430\u043c\u0438 \u043f\u0440\u043e\u0435\u043a\u0442\u0430 \u044f\u0432\u043b\u044f\u044e\u0442\u0441\u044f: \u042d\u0441\u0442\u043e\u043d\u0438\u044f (Puhastusekspert O\u00dc), \u0424\u0438\u043d\u043b\u044f\u043d\u0434\u0438\u044f (Propuhtaus), \u041d\u0438\u0434\u0435\u0440\u043b\u0430\u043d\u0434\u044b (SVS b.v.) \u0438 \u0412\u0435\u043d\u0433\u0440\u0438\u044f (Brite-Sol Korl\u00e1tolt Felel\u0151ss\u00e9g\u0171 T\u00e1rsas\u00e1g).<br>\u0412 \u0445\u043e\u0434\u0435 \u043f\u0440\u043e\u0435\u043a\u0442\u0430 \u0438\u0441\u0441\u043b\u0435\u0434\u043e\u0432\u0430\u043b\u043e\u0441\u044c \u0432\u043e\u0437\u0434\u0435\u0439\u0441\u0442\u0432\u0438\u0435 \u043d\u0430\u0433\u0440\u0443\u0437\u043a\u0438 \u043f\u0440\u0438 \u0443\u0431\u043e\u0440\u043e\u0447\u043d\u044b\u0445 \u0440\u0430\u0431\u043e\u0442\u0430\u0445 \u043d\u0430 \u043c\u044b\u0448\u0446\u044b \u0441 \u0438\u0441\u043f\u043e\u043b\u044c\u0437\u043e\u0432\u0430\u043d\u0438\u0435\u043c \u0443\u043c\u043d\u043e\u0439 \u043e\u0434\u0435\u0436\u0434\u044b SmartWear. \u041d\u0430 \u043e\u0441\u043d\u043e\u0432\u0435 \u043f\u043e\u043b\u0443\u0447\u0435\u043d\u043d\u043e\u0439 \u0438\u043d\u0444\u043e\u0440\u043c\u0430\u0446\u0438\u0438 \u0431\u044b\u043b\u0438 \u0441\u043e\u0437\u0434\u0430\u043d\u044b \u0432\u0438\u0434\u0435\u043e \u0434\u043b\u044f \u043f\u043e\u0432\u044b\u0448\u0435\u043d\u0438\u044f \u043e\u0441\u0432\u0435\u0434\u043e\u043c\u043b\u0451\u043d\u043d\u043e\u0441\u0442\u0438 \u043e\u0431 \u044d\u0440\u0433\u043e\u043d\u043e\u043c\u0438\u043a\u0435 \u0443\u0431\u043e\u0440\u043a\u0438, \u0447\u0442\u043e\u0431\u044b \u0443\u0431\u043e\u0440\u0449\u0438\u043a\u0438 \u043c\u043e\u0433\u043b\u0438 \u0441\u043e\u0437\u043d\u0430\u0442\u0435\u043b\u044c\u043d\u043e \u0437\u0430\u0431\u043e\u0442\u0438\u0442\u044c\u0441\u044f \u043e \u0441\u0432\u043e\u0451\u043c \u0437\u0434\u043e\u0440\u043e\u0432\u044c\u0435 \u0432\u043e \u0432\u0440\u0435\u043c\u044f \u0440\u0430\u0431\u043e\u0442\u044b.<br>\u0411\u043e\u043b\u0435\u0435 \u043f\u043e\u0434\u0440\u043e\u0431\u043d\u0443\u044e \u0438\u043d\u0444\u043e\u0440\u043c\u0430\u0446\u0438\u044e \u043e \u043f\u0440\u043e\u0435\u043a\u0442\u0435 \u043c\u043e\u0436\u043d\u043e \u043d\u0430\u0439\u0442\u0438 <a href=\"https:\/\/puhastusekspert.ee\/ru\/erasmus-projekt-cleaning-ergonomics\/\">SIIT<\/a>, \u0433\u0434\u0435 \u0442\u0430\u043a\u0436\u0435 \u0434\u043e\u0441\u0442\u0443\u043f\u043d\u044b \u0431\u0435\u0441\u043f\u043b\u0430\u0442\u043d\u044b\u0435 \u0443\u0447\u0435\u0431\u043d\u044b\u0435 \u043c\u0430\u0442\u0435\u0440\u0438\u0430\u043b\u044b \u0438 \u043f\u043e\u0448\u0430\u0433\u043e\u0432\u044b\u0435 \u0438\u043d\u0441\u0442\u0440\u0443\u043a\u0446\u0438\u0438 \u043f\u043e \u044d\u0440\u0433\u043e\u043d\u043e\u043c\u0438\u0447\u043d\u043e\u0439 \u0443\u0431\u043e\u0440\u043a\u0435.<br><\/div>\n\n\n\n<div class=\"wp-block-greenshift-blocks-video gs-video youtube gspb_video-id-gsbp-570e632\" id=\"gs-video-gsbp-570e632\"><div class=\"gs-video-wrapper\" itemscope><iframe class=\"gs-video-element\" data-src=\"https:\/\/www.youtube.com\/watch?v=7AlS1ST3WbM\" data-provider=\"youtube\" data-autoplay=\"false\" data-playsinline=\"false\" data-controls=\"true\" data-loop=\"false\" data-mute=\"false\" data-overlay=\"false\" data-lightbox=\"false\" data-modestbranding=\"false\" data-suggested=\"true\" frameborder=\"0\" allowfullscreen><\/iframe><\/div><\/div>\n\n\n\n<div class=\"wp-block-greenshift-blocks-video gs-video youtube gspb_video-id-gsbp-ea463c3\" id=\"gs-video-gsbp-ea463c3\"><div class=\"gs-video-wrapper\" itemscope><iframe class=\"gs-video-element\" data-src=\"https:\/\/www.youtube.com\/watch?v=rG0sihDdUaQ\" data-provider=\"youtube\" data-autoplay=\"false\" data-playsinline=\"false\" data-controls=\"true\" data-loop=\"false\" data-mute=\"false\" data-overlay=\"false\" data-lightbox=\"false\" data-modestbranding=\"false\" data-suggested=\"true\" frameborder=\"0\" allowfullscreen><\/iframe><\/div><\/div>\n\n\n\n<div class=\"wp-block-greenshift-blocks-video gs-video youtube gspb_video-id-gsbp-aa6f53b\" id=\"gs-video-gsbp-aa6f53b\"><div class=\"gs-video-wrapper\" itemscope><iframe class=\"gs-video-element\" data-src=\"https:\/\/www.youtube.com\/watch?v=6En0n3V3orw\" data-provider=\"youtube\" data-autoplay=\"false\" data-playsinline=\"false\" data-controls=\"true\" data-loop=\"false\" data-mute=\"false\" data-overlay=\"false\" data-lightbox=\"false\" data-modestbranding=\"false\" data-suggested=\"true\" frameborder=\"0\" allowfullscreen><\/iframe><\/div><\/div>\n\n\n\n<div class=\"wp-block-greenshift-blocks-video gs-video youtube gspb_video-id-gsbp-31898ab\" id=\"gs-video-gsbp-31898ab\"><div class=\"gs-video-wrapper\" itemscope><iframe class=\"gs-video-element\" data-src=\"https:\/\/www.youtube.com\/watch?v=h6gjff82O6o\" data-provider=\"youtube\" data-autoplay=\"false\" data-playsinline=\"false\" data-controls=\"true\" data-loop=\"false\" data-mute=\"false\" data-overlay=\"false\" data-lightbox=\"false\" data-modestbranding=\"false\" data-suggested=\"true\" frameborder=\"0\" allowfullscreen><\/iframe><\/div><\/div>\n\n\n\n<div class=\"wp-block-greenshift-blocks-video gs-video youtube gspb_video-id-gsbp-d87b5a5\" id=\"gs-video-gsbp-d87b5a5\"><div class=\"gs-video-wrapper\" itemscope><iframe class=\"gs-video-element\" data-src=\"https:\/\/www.youtube.com\/watch?v=3w0XshqvoLY\" data-provider=\"youtube\" data-autoplay=\"false\" data-playsinline=\"false\" data-controls=\"true\" data-loop=\"false\" data-mute=\"false\" data-overlay=\"false\" data-lightbox=\"false\" data-modestbranding=\"false\" data-suggested=\"true\" frameborder=\"0\" allowfullscreen><\/iframe><\/div><\/div>\n\n\n\n<div class=\"wp-block-greenshift-blocks-video gs-video youtube gspb_video-id-gsbp-6aa27ae\" id=\"gs-video-gsbp-6aa27ae\"><div class=\"gs-video-wrapper\" itemscope><iframe class=\"gs-video-element\" data-src=\"https:\/\/www.youtube.com\/watch?v=U7cPO-XIQzM\" data-provider=\"youtube\" data-autoplay=\"false\" data-playsinline=\"false\" data-controls=\"true\" data-loop=\"false\" data-mute=\"false\" data-overlay=\"false\" data-lightbox=\"false\" data-modestbranding=\"false\" data-suggested=\"true\" frameborder=\"0\" allowfullscreen><\/iframe><\/div><\/div>\n\n\n\n<div class=\"wp-block-greenshift-blocks-video gs-video youtube gspb_video-id-gsbp-7eec719\" id=\"gs-video-gsbp-7eec719\"><div class=\"gs-video-wrapper\" itemscope><iframe class=\"gs-video-element\" data-src=\"https:\/\/www.youtube.com\/watch?v=-5DvByCnrhI\" data-provider=\"youtube\" data-autoplay=\"false\" data-playsinline=\"false\" data-controls=\"true\" data-loop=\"false\" data-mute=\"false\" data-overlay=\"false\" data-lightbox=\"false\" data-modestbranding=\"false\" data-suggested=\"true\" frameborder=\"0\" allowfullscreen><\/iframe><\/div><\/div>\n\n\n\n<div class=\"wp-block-greenshift-blocks-video gs-video youtube gspb_video-id-gsbp-0ce489d\" id=\"gs-video-gsbp-0ce489d\"><div class=\"gs-video-wrapper\" itemscope><iframe class=\"gs-video-element\" data-src=\"https:\/\/www.youtube.com\/watch?v=vOo599ZxDEg\" data-provider=\"youtube\" data-autoplay=\"false\" data-playsinline=\"false\" data-controls=\"true\" data-loop=\"false\" data-mute=\"false\" data-overlay=\"false\" data-lightbox=\"false\" data-modestbranding=\"false\" data-suggested=\"true\" frameborder=\"0\" allowfullscreen><\/iframe><\/div><\/div>\n\n\n\n<div class=\"wp-block-greenshift-blocks-video gs-video youtube gspb_video-id-gsbp-bfcc98c\" id=\"gs-video-gsbp-bfcc98c\"><div class=\"gs-video-wrapper\" itemscope><iframe class=\"gs-video-element\" data-src=\"https:\/\/www.youtube.com\/watch?v=huTjWFLTj2Y\" data-provider=\"youtube\" data-autoplay=\"false\" data-playsinline=\"false\" data-controls=\"true\" data-loop=\"false\" data-mute=\"false\" data-overlay=\"false\" data-lightbox=\"false\" data-modestbranding=\"false\" data-suggested=\"true\" frameborder=\"0\" allowfullscreen><\/iframe><\/div><\/div>\n\n\n\n<div class=\"wp-block-greenshift-blocks-video gs-video youtube gspb_video-id-gsbp-d0a128e\" id=\"gs-video-gsbp-d0a128e\"><div class=\"gs-video-wrapper\" itemscope><iframe class=\"gs-video-element\" data-src=\"https:\/\/www.youtube.com\/watch?v=tIDtF8KHSsM\" data-provider=\"youtube\" data-autoplay=\"false\" data-playsinline=\"false\" data-controls=\"true\" data-loop=\"false\" data-mute=\"false\" data-overlay=\"false\" data-lightbox=\"false\" data-modestbranding=\"false\" data-suggested=\"true\" frameborder=\"0\" allowfullscreen><\/iframe><\/div><\/div>\n\n\n\n<div class=\"wp-block-greenshift-blocks-video gs-video youtube gspb_video-id-gsbp-0aa7032\" id=\"gs-video-gsbp-0aa7032\"><div class=\"gs-video-wrapper\" itemscope><iframe class=\"gs-video-element\" data-src=\"https:\/\/www.youtube.com\/watch?v=16gZoN1qOAA\" data-provider=\"youtube\" data-autoplay=\"false\" data-playsinline=\"false\" data-controls=\"true\" data-loop=\"false\" data-mute=\"false\" data-overlay=\"false\" data-lightbox=\"false\" data-modestbranding=\"false\" data-suggested=\"true\" frameborder=\"0\" allowfullscreen><\/iframe><\/div><\/div>\n\n\n\n<div class=\"wp-block-greenshift-blocks-video gs-video youtube gspb_video-id-gsbp-f6946fd\" id=\"gs-video-gsbp-f6946fd\"><div class=\"gs-video-wrapper\" itemscope><iframe class=\"gs-video-element\" data-src=\"https:\/\/www.youtube.com\/watch?v=EoKeKzbBfrQ\" data-provider=\"youtube\" data-autoplay=\"false\" data-playsinline=\"false\" data-controls=\"true\" data-loop=\"false\" data-mute=\"false\" data-overlay=\"false\" data-lightbox=\"false\" data-modestbranding=\"false\" data-suggested=\"true\" frameborder=\"0\" allowfullscreen><\/iframe><\/div><\/div>\n\n\n\n<div class=\"wp-block-greenshift-blocks-video gs-video youtube gspb_video-id-gsbp-618c7a5\" id=\"gs-video-gsbp-618c7a5\"><div class=\"gs-video-wrapper\" itemscope><iframe class=\"gs-video-element\" data-src=\"https:\/\/www.youtube.com\/watch?v=n3R_5hYw9qo\" data-provider=\"youtube\" data-autoplay=\"false\" data-playsinline=\"false\" data-controls=\"true\" data-loop=\"false\" data-mute=\"false\" data-overlay=\"false\" data-lightbox=\"false\" data-modestbranding=\"false\" data-suggested=\"true\" frameborder=\"0\" allowfullscreen><\/iframe><\/div><\/div>\n\n\n\n<div class=\"wp-block-greenshift-blocks-video gs-video youtube gspb_video-id-gsbp-eb745df\" id=\"gs-video-gsbp-eb745df\"><div class=\"gs-video-wrapper\" itemscope><iframe class=\"gs-video-element\" data-src=\"https:\/\/www.youtube.com\/watch?v=GJyXahZl4f0\" data-provider=\"youtube\" data-autoplay=\"false\" data-playsinline=\"false\" data-controls=\"true\" data-loop=\"false\" data-mute=\"false\" data-overlay=\"false\" data-lightbox=\"false\" data-modestbranding=\"false\" data-suggested=\"true\" frameborder=\"0\" allowfullscreen><\/iframe><\/div><\/div>\n\n\n\n<div class=\"wp-block-greenshift-blocks-video gs-video youtube gspb_video-id-gsbp-3b6d68f\" id=\"gs-video-gsbp-3b6d68f\"><div class=\"gs-video-wrapper\" itemscope><iframe class=\"gs-video-element\" data-src=\"https:\/\/www.youtube.com\/watch?v=qf1YOEDVK7Y\" data-provider=\"youtube\" data-autoplay=\"false\" data-playsinline=\"false\" data-controls=\"true\" data-loop=\"false\" data-mute=\"false\" data-overlay=\"false\" data-lightbox=\"false\" data-modestbranding=\"false\" data-suggested=\"true\" frameborder=\"0\" allowfullscreen><\/iframe><\/div><\/div>\n\n\n\n<div class=\"wp-block-greenshift-blocks-video gs-video youtube gspb_video-id-gsbp-7d35b97\" id=\"gs-video-gsbp-7d35b97\"><div class=\"gs-video-wrapper\" itemscope><iframe class=\"gs-video-element\" data-src=\"https:\/\/www.youtube.com\/watch?v=TBUlxHTVakM\" data-provider=\"youtube\" data-autoplay=\"false\" data-playsinline=\"false\" data-controls=\"true\" data-loop=\"false\" data-mute=\"false\" data-overlay=\"false\" data-lightbox=\"false\" data-modestbranding=\"false\" data-suggested=\"true\" frameborder=\"0\" allowfullscreen><\/iframe><\/div><\/div>\n\n\n\n<div class=\"wp-block-greenshift-blocks-video gs-video youtube gspb_video-id-gsbp-027b7f0\" id=\"gs-video-gsbp-027b7f0\"><div class=\"gs-video-wrapper\" itemscope><iframe class=\"gs-video-element\" data-src=\"https:\/\/www.youtube.com\/watch?v=CyTNXUPQhdg\" data-provider=\"youtube\" data-autoplay=\"false\" data-playsinline=\"false\" data-controls=\"true\" data-loop=\"false\" data-mute=\"false\" data-overlay=\"false\" data-lightbox=\"false\" data-modestbranding=\"false\" data-suggested=\"true\" frameborder=\"0\" allowfullscreen><\/iframe><\/div><\/div>\n\n\n\n<div class=\"wp-block-greenshift-blocks-video gs-video youtube gspb_video-id-gsbp-5889ef5\" id=\"gs-video-gsbp-5889ef5\"><div class=\"gs-video-wrapper\" itemscope><iframe class=\"gs-video-element\" data-src=\"https:\/\/www.youtube.com\/watch?v=oXEPUeZpILs\" data-provider=\"youtube\" data-autoplay=\"false\" data-playsinline=\"false\" data-controls=\"true\" data-loop=\"false\" data-mute=\"false\" data-overlay=\"false\" data-lightbox=\"false\" data-modestbranding=\"false\" data-suggested=\"true\" frameborder=\"0\" allowfullscreen><\/iframe><\/div><\/div>\n\n\n\n<div class=\"wp-block-greenshift-blocks-video gs-video youtube gspb_video-id-gsbp-b2c0555\" id=\"gs-video-gsbp-b2c0555\"><div class=\"gs-video-wrapper\" itemscope><iframe class=\"gs-video-element\" data-src=\"https:\/\/www.youtube.com\/watch?v=oi37i6UH_bI\" data-provider=\"youtube\" data-autoplay=\"false\" data-playsinline=\"false\" data-controls=\"true\" data-loop=\"false\" data-mute=\"false\" data-overlay=\"false\" data-lightbox=\"false\" data-modestbranding=\"false\" data-suggested=\"true\" frameborder=\"0\" allowfullscreen><\/iframe><\/div><\/div>\n\n\n\n<div class=\"wp-block-greenshift-blocks-video gs-video youtube gspb_video-id-gsbp-06e383f\" id=\"gs-video-gsbp-06e383f\"><div class=\"gs-video-wrapper\" itemscope><iframe class=\"gs-video-element\" data-src=\"https:\/\/www.youtube.com\/watch?v=NUOZE0xKvJ8&amp;t=54s\" data-provider=\"youtube\" data-autoplay=\"false\" data-playsinline=\"false\" data-controls=\"true\" data-loop=\"false\" data-mute=\"false\" data-overlay=\"false\" data-lightbox=\"false\" data-modestbranding=\"false\" data-suggested=\"true\" frameborder=\"0\" allowfullscreen><\/iframe><\/div><\/div>\n","protected":false},"excerpt":{"rendered":"<p><di \n\n<p class=\"read-more-paragraph\"><a href=\"https:\/\/puhastusekspert.ee\/ru\/video-po-ergonomike-uborki\/\" class=\"read-more\">\u0427\u0438\u0442\u0430\u0442\u044c \u0434\u0430\u043b\u044c\u0448\u0435<\/a><\/p>\n","protected":false},"author":15,"featured_media":20478,"parent":0,"menu_order":0,"comment_status":"closed","ping_status":"closed","template":"","meta":{"_acf_changed":false,"_gspb_post_css":".gs-video video{display:block}.gs-video-overlay:hover .gs-play-icon{opacity:1}#gs-video-gsbp-027b7f0 .gs-video-wrapper,#gs-video-gsbp-06e383f .gs-video-wrapper,#gs-video-gsbp-0aa7032 .gs-video-wrapper,#gs-video-gsbp-0ce489d .gs-video-wrapper,#gs-video-gsbp-31898ab .gs-video-wrapper,#gs-video-gsbp-3b6d68f .gs-video-wrapper,#gs-video-gsbp-570e632 .gs-video-wrapper,#gs-video-gsbp-5889ef5 .gs-video-wrapper,#gs-video-gsbp-618c7a5 .gs-video-wrapper,#gs-video-gsbp-6aa27ae .gs-video-wrapper,#gs-video-gsbp-7d35b97 .gs-video-wrapper,#gs-video-gsbp-7eec719 .gs-video-wrapper,#gs-video-gsbp-aa6f53b .gs-video-wrapper,#gs-video-gsbp-b2c0555 .gs-video-wrapper,#gs-video-gsbp-bfcc98c .gs-video-wrapper,#gs-video-gsbp-d0a128e .gs-video-wrapper,#gs-video-gsbp-d87b5a5 .gs-video-wrapper,#gs-video-gsbp-ea463c3 .gs-video-wrapper,#gs-video-gsbp-eb745df .gs-video-wrapper,#gs-video-gsbp-f6946fd .gs-video-wrapper{width:700px}.gs-video{position:relative}.gs-video-wrapper{position:relative;height:inherit;max-width:100%}.gs-video-header{text-align:center}.gs-video-header .gs-video-header-title{font-size:24px;line-height:1.3;font-weight:700;margin:0 0 15px}.gs-video-header .gs-video-header-description{font-size:16px;line-height:1.5;margin:0 0 25px}.gs-video .gs-video-element,.gs-video .gs-video-wrapper iframe{width:100%;height:100%;object-fit:cover;border:0}.gs-video .gs-video-wrapper iframe{aspect-ratio:16\/9;display:block}.gs-video-overlay{position:absolute;left:0;top:0;width:100%;height:100%;z-index:3;background-color:rgba(0,0,0,.1);background-size:cover;background-position:center;background-repeat:no-repeat;cursor:pointer}.gs-video-overlay .gs-overlay-color{position:absolute;left:0;top:0;width:100%;height:100%;z-index:2}.gs-video-popup .slbContentOuter{width:100%;max-width:1000px}.gs-video-popup .slbContentOuter .slbContent iframe,.gs-video-popup .slbContentOuter .slbContent video{width:100%;height:100%;object-fit:cover}.gs-video-popup .slbContentOuter .slbContent iframe{aspect-ratio:16\/9}.gs-video-popup .slbCloseBtn{font-size:30px;width:40px;height:40px;line-height:40px;right:0;top:-50px}","footnotes":"","_links_to":"","_links_to_target":""},"class_list":["post-24885","page","type-page","status-publish","has-post-thumbnail","hentry"],"blocksy_meta":[],"acf":[],"_links":{"self":[{"href":"https:\/\/puhastusekspert.ee\/ru\/wp-json\/wp\/v2\/pages\/24885","targetHints":{"allow":["GET"]}}],"collection":[{"href":"https:\/\/puhastusekspert.ee\/ru\/wp-json\/wp\/v2\/pages"}],"about":[{"href":"https:\/\/puhastusekspert.ee\/ru\/wp-json\/wp\/v2\/types\/page"}],"author":[{"embeddable":true,"href":"https:\/\/puhastusekspert.ee\/ru\/wp-json\/wp\/v2\/users\/15"}],"replies":[{"embeddable":true,"href":"https:\/\/puhastusekspert.ee\/ru\/wp-json\/wp\/v2\/comments?post=24885"}],"version-history":[{"count":4,"href":"https:\/\/puhastusekspert.ee\/ru\/wp-json\/wp\/v2\/pages\/24885\/revisions"}],"predecessor-version":[{"id":24993,"href":"https:\/\/puhastusekspert.ee\/ru\/wp-json\/wp\/v2\/pages\/24885\/revisions\/24993"}],"wp:featuredmedia":[{"embeddable":true,"href":"https:\/\/puhastusekspert.ee\/ru\/wp-json\/wp\/v2\/media\/20478"}],"wp:attachment":[{"href":"https:\/\/puhastusekspert.ee\/ru\/wp-json\/wp\/v2\/media?parent=24885"}],"curies":[{"name":"wp","href":"https:\/\/api.w.org\/{rel}","templated":true}]}}